{"id":1174,"date":"2020-05-24T17:54:09","date_gmt":"2020-05-24T17:54:09","guid":{"rendered":"http:\/\/vaikubalsas.mruni.eu\/?page_id=1174"},"modified":"2025-06-05T12:36:09","modified_gmt":"2025-06-05T12:36:09","slug":"apie-rengini","status":"publish","type":"page","link":"https:\/\/vaikubalsas2025.mruni.eu\/","title":{"rendered":"Konferencija 2023"},"content":{"rendered":"\n<p>Mykolo Romerio universiteto \u017dmogaus ir visuomen\u0117s studij\u0173 fakulteto Edukologijos ir socialinio darbo institutas kartu su partneriais \u2013 Lietuvos Respublikos Seimo \u017dmogaus teisi\u0173 komitetu, Lietuvos Respublikos vaiko teisi\u0173 apsaugos kontrolieriaus \u012fstaiga, VO \u201eGelb\u0117kit vaikus\u201c, Art\u016bro Noviko d\u017eiazo mokykla, UAB \u201e\u0160viesa\u201c&nbsp;<strong>2025 m. bir\u017eelio 4 dien\u0105<\/strong>&nbsp;jau a\u0161tuntus metus organizuoja konferencij\u0105 \u201eLietuvos vaik\u0173 balsas\u201c.<\/p>\n\n\n\n<div class=\"wp-block-buttons is-content-justification-center is-layout-flex wp-container-core-buttons-is-layout-a89b3969 wp-block-buttons-is-layout-flex\">\n<div class=\"wp-block-button\"><a class=\"wp-block-button__link wp-element-button\" href=\"https:\/\/forms.gle\/CMTWynFn4TjjyPGQ6\" target=\"_blank\" rel=\"noreferrer noopener\">Registracija \u012f konferencij\u0105<\/a><\/div>\n<\/div>\n\n\n\n<p><em>Renginio id\u0117ja paremta Jungtini\u0173 taut\u0173 vaiko teisi\u0173 konvencija, kurios 12 straipsnis numato, kad valstyb\u0117s dalyv\u0117s garantuoja vaikui, sugeban\u010diam suformuluoti savo pa\u017ei\u016bras, teis\u0119 laisvai jas reik\u0161ti visais su juo susijusiais klausimais, o 13 straipsnis \u012ftvirtina vaiko teis\u0119 reik\u0161ti savo nuomon\u0119 jam priimtinais b\u016bdais.<\/em><\/p>\n\n\n\n<div class=\"wp-block-columns is-layout-flex wp-container-core-columns-is-layout-28f84493 wp-block-columns-is-layout-flex\">\n<div class=\"wp-block-column is-layout-flow wp-block-column-is-layout-flow\">\n<div class=\"wp-block-buttons is-content-justification-center is-layout-flex wp-container-core-buttons-is-layout-a89b3969 wp-block-buttons-is-layout-flex\">\n<div class=\"wp-block-button\"><a class=\"wp-block-button__link wp-element-button\" href=\"https:\/\/www.youtube.com\/watch?v=c8uvRXwY460\" target=\"_blank\" rel=\"noreferrer noopener\">YouTube transliacijos nuoroda<\/a><\/div>\n<\/div>\n<\/div>\n<\/div>\n\n\n\n<p class=\"has-text-align-center has-large-font-size\" style=\"padding-top:var(--wp--preset--spacing--30);font-style:normal;font-weight:300\">\u0160i\u0173 met\u0173 konferencijos tema<br><strong>\u201eMANO HEROJUS\u201c<\/strong><\/p>\n\n\n\n<div class=\"wp-block-columns is-layout-flex wp-container-core-columns-is-layout-28f84493 wp-block-columns-is-layout-flex\">\n<div class=\"wp-block-column is-layout-flow wp-block-column-is-layout-flow\">\n<hr class=\"wp-block-separator aligncenter has-alpha-channel-opacity\"\/>\n<\/div>\n<\/div>\n\n\n\n<p>Vaikai kvie\u010diami dalyvauti&nbsp;<em>prane\u0161im\u0173<\/em>&nbsp;ir \/ arba&nbsp;<em>pie\u0161ini\u0173<\/em>&nbsp;ir \/ ar&nbsp;<em>vaizdo klip\u0173<\/em>&nbsp;konkursuose, kuri\u0173 tikslas \u2013 suteikti galimyb\u0119 k\u016brybin\u0117mis ir menin\u0117mis priemon\u0117mis i\u0161sakyti savo nuomon\u0119:&nbsp;<em>kokios asmenin\u0117s vaiko herojaus savyb\u0117s j\u012f \u012fkvepia, skatina b\u016bti stipriu ir ugdyti ry\u017et\u0105, o gal labiau atjausti ir myl\u0117ti aplinkinius, arba gal saugoti ir apginti visus nuo pavoj\u0173.<\/em>&nbsp;Darbai (prane\u0161imai, pie\u0161iniai, vaizdo klipai) organizatoriui pateikiami konkurs\u0173 nuostatuose nurodyta tvarka&nbsp;iki<strong>&nbsp;2025 m. gegu\u017e\u0117s 15 d.&nbsp;<\/strong><\/p>\n\n\n\n<p>Prane\u0161im\u0173 konkurso nugal\u0117tojai bus kvie\u010diami skaityti savo prane\u0161imus konferencijoje \u201eLietuvos vaik\u0173 balsas\u201c, kuri vyks <strong>2025 m. bir\u017eelio 4 dien\u0105<\/strong> Mykolo Romerio universitete adresu Ateities g. 20, Vilnius (I-201 aud.).Konferencijoje kvie\u010diami dalyvauti VISI VAIKAI, taip pat juos lydintys suaugusieji, nepriklausomai nuo to, ar dalyvauja konkursuose ar ne. Registruotis \u012f konferencij\u0105 galima<strong>&nbsp;<\/strong>iki&nbsp;<strong>2025 m. gegu\u017e\u0117s 28 d.&nbsp;<\/strong><\/p>\n\n\n\n<div class=\"wp-block-group has-global-padding is-layout-constrained wp-block-group-is-layout-constrained\"><\/div>\n\n\n\n<p>Konferencijos dalyviai (j\u0173 teis\u0117ti atstovai) sutinka kad:<\/p>\n\n\n\n<ul class=\"wp-block-list\">\n<li>kad konferencija b\u016bt\u0173 fotografuojama, filmuojama ir transliuojama per masines informacijos priemones;<\/li>\n\n\n\n<li>visa foto ar video med\u017eiaga (vaiko atvaizdas, kalba ir veiksmai) su asmeniniu atvaizdu b\u016bt\u0173 atgaminama, perleid\u017eiama, demonstruojama ar kitaip vie\u0161inama.<\/li>\n<\/ul>\n\n\n\n<div class=\"wp-block-file\"><a id=\"wp-block-file--media-0dec8c01-e9fd-491f-bd5a-08f245f3c504\" href=\"https:\/\/vaikubalsas.mruni.eu\/wp-content\/uploads\/2025\/06\/Vaiku-balsas-2025-05-22-piesinaii-1-dalis.pptx\">Vaiku balsas 2025-05-22 piesiniai 1 dalis<\/a><a href=\"https:\/\/vaikubalsas.mruni.eu\/wp-content\/uploads\/2025\/06\/Vaiku-balsas-2025-05-22-piesinaii-1-dalis.pptx\" class=\"wp-block-file__button wp-element-button\" download aria-describedby=\"wp-block-file--media-0dec8c01-e9fd-491f-bd5a-08f245f3c504\">Atsi\u0173sti<\/a><\/div>\n\n\n\n<div class=\"wp-block-file\"><a id=\"wp-block-file--media-f0532e5e-ad3d-4f71-b868-b6ff45492e03\" href=\"https:\/\/vaikubalsas.mruni.eu\/wp-content\/uploads\/2025\/06\/Vaiku-balsas-2025-05-22-piesinaii-2-dalis.pptx\">Vaiku balsas 2025-05-22 piesinaii 2 dalis<\/a><a href=\"https:\/\/vaikubalsas.mruni.eu\/wp-content\/uploads\/2025\/06\/Vaiku-balsas-2025-05-22-piesinaii-2-dalis.pptx\" class=\"wp-block-file__button wp-element-button\" download aria-describedby=\"wp-block-file--media-f0532e5e-ad3d-4f71-b868-b6ff45492e03\">Atsi\u0173sti<\/a><\/div>\n\n\n\n<div class=\"wp-block-file\"><a id=\"wp-block-file--media-98b036f8-8d2b-426f-8fdc-2351a25d84c5\" href=\"https:\/\/vaikubalsas.mruni.eu\/wp-content\/uploads\/2025\/06\/Vaiku-balsas-2025-05-22-piesinaii-3-dalis.pptx\">Vaiku balsas 2025-05-22 piesinaii 3 dalis<\/a><a href=\"https:\/\/vaikubalsas.mruni.eu\/wp-content\/uploads\/2025\/06\/Vaiku-balsas-2025-05-22-piesinaii-3-dalis.pptx\" class=\"wp-block-file__button wp-element-button\" download aria-describedby=\"wp-block-file--media-98b036f8-8d2b-426f-8fdc-2351a25d84c5\">Atsi\u0173sti<\/a><\/div>\n","protected":false},"excerpt":{"rendered":"<p>Mykolo Romerio universiteto \u017dmogaus ir visuomen\u0117s studij\u0173 fakulteto Edukologijos ir socialinio darbo institutas kartu su partneriais \u2013 Lietuvos Respublikos Seimo \u017dmogaus teisi\u0173 komitetu, Lietuvos Respublikos vaiko teisi\u0173 apsaugos kontrolieriaus \u012fstaiga, VO \u201eGelb\u0117kit vaikus\u201c, Art\u016bro Noviko d\u017eiazo mokykla, UAB \u201e\u0160viesa\u201c&nbsp;2025 m. bir\u017eelio 4 dien\u0105&nbsp;jau a\u0161tuntus metus organizuoja konferencij\u0105 \u201eLietuvos vaik\u0173 balsas\u201c. Renginio id\u0117ja paremta Jungtini\u0173 taut\u0173 [&hellip;]<\/p>\n","protected":false},"author":1,"featured_media":0,"parent":0,"menu_order":0,"comment_status":"closed","ping_status":"closed","template":"","meta":{"footnotes":""},"class_list":["post-1174","page","type-page","status-publish","hentry"],"_links":{"self":[{"href":"https:\/\/vaikubalsas2025.mruni.eu\/index.php?rest_route=\/wp\/v2\/pages\/1174","targetHints":{"allow":["GET"]}}],"collection":[{"href":"https:\/\/vaikubalsas2025.mruni.eu\/index.php?rest_route=\/wp\/v2\/pages"}],"about":[{"href":"https:\/\/vaikubalsas2025.mruni.eu\/index.php?rest_route=\/wp\/v2\/types\/page"}],"author":[{"embeddable":true,"href":"https:\/\/vaikubalsas2025.mruni.eu\/index.php?rest_route=\/wp\/v2\/users\/1"}],"replies":[{"embeddable":true,"href":"https:\/\/vaikubalsas2025.mruni.eu\/index.php?rest_route=%2Fwp%2Fv2%2Fcomments&post=1174"}],"version-history":[{"count":156,"href":"https:\/\/vaikubalsas2025.mruni.eu\/index.php?rest_route=\/wp\/v2\/pages\/1174\/revisions"}],"predecessor-version":[{"id":2678,"href":"https:\/\/vaikubalsas2025.mruni.eu\/index.php?rest_route=\/wp\/v2\/pages\/1174\/revisions\/2678"}],"wp:attachment":[{"href":"https:\/\/vaikubalsas2025.mruni.eu\/index.php?rest_route=%2Fwp%2Fv2%2Fmedia&parent=1174"}],"curies":[{"name":"wp","href":"https:\/\/api.w.org\/{rel}","templated":true}]}}